{"id":5,"date":"2022-03-07T11:39:55","date_gmt":"2022-03-07T11:39:55","guid":{"rendered":"http:\/\/mailukmusik.eus\/?page_id=5"},"modified":"2025-03-29T10:12:48","modified_gmt":"2025-03-29T10:12:48","slug":"front-page","status":"publish","type":"page","link":"https:\/\/mailukmusik.eus\/?page_id=5&lang=es","title":{"rendered":"Inicio"},"content":{"rendered":"\n<p>MAILUK MUSIKA ESKOLA es una escuela de m\u00fasica que nace el a\u00f1o 2021, en el barrio Zabalgana de Vitoria-Gasteiz. Surge por iniciativa de Antton Aranburu: guitarrista, cantante y cantautor vasco, con amplia experiencia docente como profesor de guitarra en toda la red de Centros C\u00edvicos de Vitoria-Gasteiz.<\/p>\n\n\n\n<p>Nuestro equipo docente est\u00e1 formado por profesores y profesoras altamente experimentados y cualificados para impartir clases de guitarra, piano, canto, lenguaje musical, iniciaci\u00f3n musical infantil (HAURMUSIK), etc.<\/p>\n\n\n\n<p>Todas las clases est\u00e1n certificadas por Antton Aranburu y todo su equipo, para as\u00ed continuar con su filosof\u00eda y enfoque de ense\u00f1anza, que cuenta con amplia aceptaci\u00f3n y valoraci\u00f3n por parte de padres, madres y alumn@s.<\/p>\n\n\n\n<p>MAILUK MUSIKA ESKOLA ofrece un entorno de aprendizaje enriquecido y diverso para cada uno de nuestr@s estudiantes. El objetivo es lograr el m\u00e1ximo potencial del\/de la alumn@, pero con un enfoque l\u00fadico, creativo y pr\u00e1ctico; para que as\u00ed puedan progresar r\u00e1pida y eficazmente en el arte de interpretar y crear m\u00fasica.<\/p>\n\n\n\n<p>Tambi\u00e9n promovemos conciertos a final de curso, para que l@s alumn@s puedan poner en pr\u00e1ctica todo lo aprendido a lo largo del curso.<\/p>\n\n\n\n<p>MAILUK MUSIKA ESKOLA ofrece numerosas opciones de ense\u00f1anza, tanto para ni\u00f1@s y adolescentes, como para adultos; en grupos o a nivel individual.<\/p>\n\n\n\n<p>Las clases se imparten indistintamente en castellano y euskera. En el caso de las clases con los m\u00e1s peque\u00f1os, damos prioridad al euskera.<\/p>\n\n\n\n<p>Si eres alguien cuyo hijo o hija necesita una introducci\u00f3n a la m\u00fasica, o un adulto que desea continuar (o comenzar) su viaje musical, MAILUK MUSIKA ESKOLA es tu mejor opci\u00f3n. \u00a1No lo dudes y ponte en contacto con nosotros! \u00a1Tu \u00e9xito est\u00e1 asegurado!<\/p>\n\n\n\n<div class=\"wp-block-jetpack-tiled-gallery aligncenter is-style-circle\"><div class=\"tiled-gallery__gallery\"><div class=\"tiled-gallery__row columns-3\"><div class=\"tiled-gallery__col\"><figure class=\"tiled-gallery__item\"><img decoding=\"async\" srcset=\"https:\/\/i2.wp.com\/mailukmusik.eus\/wp-content\/uploads\/2022\/04\/gela22-1024x768.jpg?resize=600,600&#038;strip=info 600w,https:\/\/i2.wp.com\/mailukmusik.eus\/wp-content\/uploads\/2022\/04\/gela22-1024x768.jpg?resize=900,900&#038;strip=info 900w,https:\/\/i2.wp.com\/mailukmusik.eus\/wp-content\/uploads\/2022\/04\/gela22-1024x768.jpg?resize=1050,1050&#038;strip=info 1050w\" alt=\"\" data-height=\"1050\" data-id=\"133\" data-link=\"http:\/\/mailukmusik.eus\/?attachment_id=133\" data-url=\"http:\/\/mailukmusik.eus\/wp-content\/uploads\/2022\/04\/gela22-1024x768.jpg\" data-width=\"1400\" src=\"https:\/\/i2.wp.com\/mailukmusik.eus\/wp-content\/uploads\/2022\/04\/gela22-1024x768.jpg?resize=1050%2C1050\" data-amp-layout=\"responsive\"\/><\/figure><\/div><div class=\"tiled-gallery__col\"><figure class=\"tiled-gallery__item\"><img decoding=\"async\" srcset=\"https:\/\/i1.wp.com\/mailukmusik.eus\/wp-content\/uploads\/2022\/04\/equip1-1024x768.jpg?resize=600,600&#038;strip=info 600w,https:\/\/i1.wp.com\/mailukmusik.eus\/wp-content\/uploads\/2022\/04\/equip1-1024x768.jpg?resize=900,900&#038;strip=info 900w,https:\/\/i1.wp.com\/mailukmusik.eus\/wp-content\/uploads\/2022\/04\/equip1-1024x768.jpg?resize=1200,1200&#038;strip=info 1200w,https:\/\/i1.wp.com\/mailukmusik.eus\/wp-content\/uploads\/2022\/04\/equip1-1024x768.jpg?resize=1254,1254&#038;strip=info 1254w\" alt=\"\" data-height=\"1254\" data-id=\"134\" data-link=\"http:\/\/mailukmusik.eus\/?attachment_id=134\" data-url=\"http:\/\/mailukmusik.eus\/wp-content\/uploads\/2022\/04\/equip1-1024x768.jpg\" data-width=\"1672\" src=\"https:\/\/i1.wp.com\/mailukmusik.eus\/wp-content\/uploads\/2022\/04\/equip1-1024x768.jpg?resize=1254%2C1254\" data-amp-layout=\"responsive\"\/><\/figure><\/div><div class=\"tiled-gallery__col\"><figure class=\"tiled-gallery__item\"><img decoding=\"async\" srcset=\"https:\/\/i1.wp.com\/mailukmusik.eus\/wp-content\/uploads\/2022\/04\/gelaa-1024x768.jpg?resize=600,600&#038;strip=info 600w,https:\/\/i1.wp.com\/mailukmusik.eus\/wp-content\/uploads\/2022\/04\/gelaa-1024x768.jpg?resize=900,900&#038;strip=info 900w,https:\/\/i1.wp.com\/mailukmusik.eus\/wp-content\/uploads\/2022\/04\/gelaa-1024x768.jpg?resize=1050,1050&#038;strip=info 1050w\" alt=\"\" data-height=\"1050\" data-id=\"132\" data-link=\"http:\/\/mailukmusik.eus\/?attachment_id=132\" data-url=\"http:\/\/mailukmusik.eus\/wp-content\/uploads\/2022\/04\/gelaa-1024x768.jpg\" data-width=\"1400\" src=\"https:\/\/i1.wp.com\/mailukmusik.eus\/wp-content\/uploads\/2022\/04\/gelaa-1024x768.jpg?resize=1050%2C1050\" data-amp-layout=\"responsive\"\/><\/figure><\/div><\/div><\/div><\/div>\n","protected":false},"excerpt":{"rendered":"<p>MAILUK MUSIKA ESKOLA es una escuela de m\u00fasica que nace el a\u00f1o 2021, en el barrio Zabalgana de Vitoria-Gasteiz. Surge por iniciativa de Antton Aranburu: guitarrista, cantante y cantautor vasco, con amplia experiencia docente como profesor de guitarra en toda la red de Centros C\u00edvicos de Vitoria-Gasteiz. Nuestro equipo docente est\u00e1 formado por profesores y [&hellip;]<\/p>\n","protected":false},"author":1,"featured_media":162,"parent":0,"menu_order":0,"comment_status":"closed","ping_status":"closed","template":"","meta":{"footnotes":""},"class_list":["post-5","page","type-page","status-publish","has-post-thumbnail","hentry"],"jetpack_sharing_enabled":true,"_links":{"self":[{"href":"https:\/\/mailukmusik.eus\/index.php?rest_route=\/wp\/v2\/pages\/5","targetHints":{"allow":["GET"]}}],"collection":[{"href":"https:\/\/mailukmusik.eus\/index.php?rest_route=\/wp\/v2\/pages"}],"about":[{"href":"https:\/\/mailukmusik.eus\/index.php?rest_route=\/wp\/v2\/types\/page"}],"author":[{"embeddable":true,"href":"https:\/\/mailukmusik.eus\/index.php?rest_route=\/wp\/v2\/users\/1"}],"replies":[{"embeddable":true,"href":"https:\/\/mailukmusik.eus\/index.php?rest_route=%2Fwp%2Fv2%2Fcomments&post=5"}],"version-history":[{"count":8,"href":"https:\/\/mailukmusik.eus\/index.php?rest_route=\/wp\/v2\/pages\/5\/revisions"}],"predecessor-version":[{"id":163,"href":"https:\/\/mailukmusik.eus\/index.php?rest_route=\/wp\/v2\/pages\/5\/revisions\/163"}],"wp:featuredmedia":[{"embeddable":true,"href":"https:\/\/mailukmusik.eus\/index.php?rest_route=\/wp\/v2\/media\/162"}],"wp:attachment":[{"href":"https:\/\/mailukmusik.eus\/index.php?rest_route=%2Fwp%2Fv2%2Fmedia&parent=5"}],"curies":[{"name":"wp","href":"https:\/\/api.w.org\/{rel}","templated":true}]}}